{"id":37,"date":"2024-07-23T08:37:53","date_gmt":"2024-07-23T08:37:53","guid":{"rendered":"https:\/\/multipurpose25.ziptemplates.top\/?page_id=37"},"modified":"2024-07-23T08:46:06","modified_gmt":"2024-07-23T08:46:06","slug":"services","status":"publish","type":"page","link":"https:\/\/klik-it.eu\/?page_id=37","title":{"rendered":"Services"},"content":{"rendered":"\n<div class=\"wp-block-uagb-container uagb-block-a6a8e0d4 alignfull uagb-is-root-container\">\n<div class=\"wp-block-uagb-container uagb-block-41915a2b\">\n<div class=\"wp-block-uagb-advanced-heading uagb-block-a16b6668\"><p class=\"uagb-desc-text\">Nasze<\/p><h1 class=\"uagb-heading-text\">Us\u0142ugi IT<\/h1><\/div>\n<\/div>\n<\/div>\n\n\n\n<div class=\"wp-block-uagb-container uagb-block-e7ec6663 alignfull uagb-is-root-container\"><div class=\"uagb-container-inner-blocks-wrap\">\n<div class=\"wp-block-uagb-container uagb-block-081ab3e9\">\n<div class=\"wp-block-uagb-container uagb-block-c5c82fe1\">\n<div class=\"wp-block-uagb-advanced-heading uagb-block-a151ed46\"><h2 class=\"uagb-heading-text\">Wsparcie Techniczne<\/h2><p class=\"uagb-desc-text\">Zapewniamy szybkie i skuteczne rozwi\u0105zywanie problem\u00f3w technicznych, aby Twoje urz\u0105dzenia i systemy dzia\u0142a\u0142y bez zak\u0142\u00f3ce\u0144.<\/p><\/div>\n\n\n\n<div class=\"wp-block-uagb-image aligncenter uagb-block-4e88f024 wp-block-uagb-image--layout-default wp-block-uagb-image--effect-static wp-block-uagb-image--align-center\"><figure class=\"wp-block-uagb-image__figure\"><img decoding=\"async\" srcset=\"https:\/\/klik-it.eu\/wp-content\/uploads\/2024\/07\/man-in-white-dress-shirt-sitting-on-black-rolling-chair-while-facing-black-computer-set-and-smiling-840996.jpeg ,https:\/\/klik-it.eu\/wp-content\/uploads\/2024\/07\/man-in-white-dress-shirt-sitting-on-black-rolling-chair-while-facing-black-computer-set-and-smiling-840996.jpeg 780w, https:\/\/klik-it.eu\/wp-content\/uploads\/2024\/07\/man-in-white-dress-shirt-sitting-on-black-rolling-chair-while-facing-black-computer-set-and-smiling-840996.jpeg 360w\" sizes=\"auto, (max-width: 480px) 150px\" src=\"https:\/\/klik-it.eu\/wp-content\/uploads\/2024\/07\/man-in-white-dress-shirt-sitting-on-black-rolling-chair-while-facing-black-computer-set-and-smiling-840996.jpeg\" alt=\"\" class=\"uag-image-227\" width=\"600\" height=\"300\" title=\"services-01\" loading=\"lazy\" role=\"img\"\/><\/figure><\/div>\n<\/div>\n\n\n\n<div class=\"wp-block-uagb-container uagb-block-25509c08\">\n<div class=\"wp-block-uagb-advanced-heading uagb-block-bf8f4ee7\"><h2 class=\"uagb-heading-text\">Konsulting IT<\/h2><p class=\"uagb-desc-text\">Nasi eksperci pomog\u0105 Ci w doborze optymalnych rozwi\u0105za\u0144 technologicznych, kt\u00f3re spe\u0142ni\u0105 wszystkie Twoje potrzeby biznesowe.<\/p><\/div>\n\n\n\n<div class=\"wp-block-uagb-image aligncenter uagb-block-ccaae510 wp-block-uagb-image--layout-default wp-block-uagb-image--effect-static wp-block-uagb-image--align-center\"><figure class=\"wp-block-uagb-image__figure\"><img decoding=\"async\" srcset=\"https:\/\/klik-it.eu\/wp-content\/uploads\/2024\/07\/man-with-headphones-facing-computer-monitor-845451.jpeg ,https:\/\/klik-it.eu\/wp-content\/uploads\/2024\/07\/man-with-headphones-facing-computer-monitor-845451.jpeg 780w, https:\/\/klik-it.eu\/wp-content\/uploads\/2024\/07\/man-with-headphones-facing-computer-monitor-845451.jpeg 360w\" sizes=\"auto, (max-width: 480px) 150px\" src=\"https:\/\/klik-it.eu\/wp-content\/uploads\/2024\/07\/man-with-headphones-facing-computer-monitor-845451.jpeg\" alt=\"\" class=\"uag-image-229\" width=\"600\" height=\"300\" title=\"services-02\" loading=\"lazy\" role=\"img\"\/><\/figure><\/div>\n<\/div>\n<\/div>\n\n\n\n<div class=\"wp-block-uagb-container uagb-block-68a8e720\">\n<div class=\"wp-block-uagb-star-rating uagb-block-55fb7d50\"><div class=\"uag-star-rating\" title=\"5\/5\"><span class=\"uag-star\">\u2605<\/span><span class=\"uag-star\">\u2605<\/span><span class=\"uag-star\">\u2605<\/span><span class=\"uag-star\">\u2605<\/span><span class=\"uag-star\">\u2605<\/span><\/div><\/div>\n\n\n\n<div class=\"wp-block-uagb-testimonial uagb-slick-carousel uagb-tm__arrow-outside uagb-block-125f66ad uagb-post__carousel_notset uagb-post__carousel_notset-tablet uagb-post__carousel_notset-mobile\"><div class=\"is-carousel uagb-tm__columns-1 uagb-tm__items\"><div class=\"uagb-testimonial__wrap  uagb-tm__imgicon-style-circle uagb-tm__image-position-bottom uagb-tm__bg-type-none \"><div class=\"uagb-tm__content\"><div class=\"uagb-tm__overlay\"><\/div><div class=\"uagb-tm__text-wrap\"><div class=\"uagb-tm__desc\">Profesjonalne podej\u015bcie i skuteczne rozwi\u0105zania. Polecam!<\/div><div class=\"uagb-tm__meta-inner\"><div class=\"uagb-tm__image-content\"><div class=\"uagb-tm__image\"><img decoding=\"async\" class=\"uagb-tm-img-src\" src=\"http:\/\/klik-it.eu\/wp-content\/uploads\/2024\/05\/testimonial-skip-01.jpg\" alt=\"\" width=\"50\" height=\"50\" loading=\"lazy\"\/><\/div><\/div><div class=\"uagb-testimonial-details\"><span class=\"uagb-tm__author-name\">Jan<\/span><span class=\"uagb-tm__company\">James Oliver<\/span><\/div><\/div><\/div><\/div><\/div><\/div><\/div>\n<\/div>\n\n\n\n<div class=\"wp-block-uagb-container uagb-block-2b4b3343\">\n<div class=\"wp-block-uagb-container uagb-block-cd07b3e8\">\n<div class=\"wp-block-uagb-advanced-heading uagb-block-ee704022\"><h2 class=\"uagb-heading-text\">Serwis Urz\u0105dze\u0144 Komputerowych<\/h2><p class=\"uagb-desc-text\">Nasze wyspecjalizowane us\u0142ugi serwisowe obejmuj\u0105 konserwacj\u0119, napraw\u0119 i aktualizacj\u0119 urz\u0105dze\u0144 komputerowych, aby zapewni\u0107 ich d\u0142ugotrwa\u0142\u0105 i efektywn\u0105 prac\u0119.<\/p><\/div>\n\n\n\n<div class=\"wp-block-uagb-image aligncenter uagb-block-eac9b38e wp-block-uagb-image--layout-default wp-block-uagb-image--effect-static wp-block-uagb-image--align-center\"><figure class=\"wp-block-uagb-image__figure\"><img decoding=\"async\" srcset=\"https:\/\/klik-it.eu\/wp-content\/uploads\/2024\/07\/anonymous-colleagues-in-cafe-working-on-laptop-6205490.jpeg ,https:\/\/klik-it.eu\/wp-content\/uploads\/2024\/07\/anonymous-colleagues-in-cafe-working-on-laptop-6205490.jpeg 780w, https:\/\/klik-it.eu\/wp-content\/uploads\/2024\/07\/anonymous-colleagues-in-cafe-working-on-laptop-6205490.jpeg 360w\" sizes=\"auto, (max-width: 480px) 150px\" src=\"https:\/\/klik-it.eu\/wp-content\/uploads\/2024\/07\/anonymous-colleagues-in-cafe-working-on-laptop-6205490.jpeg\" alt=\"\" class=\"uag-image-228\" width=\"600\" height=\"300\" title=\"services-03\" loading=\"lazy\" role=\"img\"\/><\/figure><\/div>\n<\/div>\n\n\n\n<div class=\"wp-block-uagb-container uagb-block-cb5e2fe1\">\n<div class=\"wp-block-uagb-advanced-heading uagb-block-2536092e\"><h2 class=\"uagb-heading-text\">Administracja Serwerami<\/h2><p class=\"uagb-desc-text\">Zapewniamy kompleksow\u0105 opiek\u0119 nad Twoimi serwerami, dbaj\u0105c o ich niezawodno\u015b\u0107, wydajno\u015b\u0107 oraz bezpiecze\u0144stwo danych.<\/p><\/div>\n\n\n\n<div class=\"wp-block-uagb-image aligncenter uagb-block-784543d1 wp-block-uagb-image--layout-default wp-block-uagb-image--effect-static wp-block-uagb-image--align-center\"><figure class=\"wp-block-uagb-image__figure\"><img decoding=\"async\" srcset=\"https:\/\/klik-it.eu\/wp-content\/uploads\/2024\/07\/person-holding-iphone-showing-social-networks-folder-607812.jpeg ,https:\/\/klik-it.eu\/wp-content\/uploads\/2024\/07\/person-holding-iphone-showing-social-networks-folder-607812.jpeg 780w, https:\/\/klik-it.eu\/wp-content\/uploads\/2024\/07\/person-holding-iphone-showing-social-networks-folder-607812.jpeg 360w\" sizes=\"auto, (max-width: 480px) 150px\" src=\"https:\/\/klik-it.eu\/wp-content\/uploads\/2024\/07\/person-holding-iphone-showing-social-networks-folder-607812.jpeg\" alt=\"\" class=\"uag-image-230\" width=\"600\" height=\"300\" title=\"services-04\" loading=\"lazy\" role=\"img\"\/><\/figure><\/div>\n<\/div>\n<\/div>\n<\/div><\/div>\n\n\n\n<div class=\"wp-block-uagb-container uagb-block-a44e806f alignfull uagb-is-root-container\"><div class=\"uagb-container-inner-blocks-wrap\">\n<div class=\"wp-block-uagb-container uagb-block-942920e8\">\n<div class=\"wp-block-uagb-info-box uagb-block-8efa70de uagb-infobox__content-wrap  uagb-infobox-icon-above-title uagb-infobox-image-valign-top\"><div class=\"uagb-ifb-content\"><div class=\"uagb-ifb-title-wrap\"><span class=\"uagb-ifb-title-prefix\">Skontaktuj si\u0119<\/span><h2 class=\"uagb-ifb-title\">z nami<\/h2><\/div><p class=\"uagb-ifb-desc\">Je\u015bli masz pytania lub chcesz skorzysta\u0107 z naszych us\u0142ug, skontaktuj si\u0119 z nami ju\u017c teraz.<\/p><div class=\"uagb-ifb-button-wrapper wp-block-button\"><a href=\"?page_id=39\/\" class=\"uagb-infobox-cta-link wp-block-button__link\" target=\"_self\" rel=\"noopener noreferrer\" onclick=\"return true;\"><span class=\"uagb-inline-editing\">Dowiedz si\u0119 wi\u0119cej<\/span><\/a><\/div><\/div><\/div>\n<\/div>\n<\/div><\/div>\n","protected":false},"excerpt":{"rendered":"<p>Nasze Us\u0142ugi IT Wsparcie Techniczne Zapewniamy szybkie i skuteczne rozwi\u0105zywanie problem\u00f3w technicznych, aby Twoje urz\u0105dzenia i systemy dzia\u0142a\u0142y bez zak\u0142\u00f3ce\u0144. [&hellip;]<\/p>\n","protected":false},"author":3,"featured_media":0,"parent":0,"menu_order":0,"comment_status":"closed","ping_status":"closed","template":"","meta":{"_uag_custom_page_level_css":"","site-sidebar-layout":"default","site-content-layout":"","ast-site-content-layout":"default","site-content-style":"default","site-sidebar-style":"default","ast-global-header-display":"","ast-banner-title-visibility":"","ast-main-header-display":"","ast-hfb-above-header-display":"","ast-hfb-below-header-display":"","ast-hfb-mobile-header-display":"","site-post-title":"disabled","ast-breadcrumbs-content":"","ast-featured-img":"","footer-sml-layout":"","ast-disable-related-posts":"","theme-transparent-header-meta":"","adv-header-id-meta":"","stick-header-meta":"","header-above-stick-meta":"","header-main-stick-meta":"","header-below-stick-meta":"","astra-migrate-meta-layouts":"default","ast-page-background-enabled":"default","ast-page-background-meta":{"desktop":{"background-color":"var(--ast-global-color-4)","background-image":"","background-repeat":"repeat","background-position":"center center","background-size":"auto","background-attachment":"scroll","background-type":"","background-media":"","overlay-type":"","overlay-color":"","overlay-opacity":"","overlay-gradient":""},"tablet":{"background-color":"","background-image":"","background-repeat":"repeat","background-position":"center center","background-size":"auto","background-attachment":"scroll","background-type":"","background-media":"","overlay-type":"","overlay-color":"","overlay-opacity":"","overlay-gradient":""},"mobile":{"background-color":"","background-image":"","background-repeat":"repeat","background-position":"center center","background-size":"auto","background-attachment":"scroll","background-type":"","background-media":"","overlay-type":"","overlay-color":"","overlay-opacity":"","overlay-gradient":""}},"ast-content-background-meta":{"desktop":{"background-color":"var(--ast-global-color-5)","background-image":"","background-repeat":"repeat","background-position":"center center","background-size":"auto","background-attachment":"scroll","background-type":"","background-media":"","overlay-type":"","overlay-color":"","overlay-opacity":"","overlay-gradient":""},"tablet":{"background-color":"var(--ast-global-color-5)","background-image":"","background-repeat":"repeat","background-position":"center center","background-size":"auto","background-attachment":"scroll","background-type":"","background-media":"","overlay-type":"","overlay-color":"","overlay-opacity":"","overlay-gradient":""},"mobile":{"background-color":"var(--ast-global-color-5)","background-image":"","background-repeat":"repeat","background-position":"center center","background-size":"auto","background-attachment":"scroll","background-type":"","background-media":"","overlay-type":"","overlay-color":"","overlay-opacity":"","overlay-gradient":""}},"footnotes":""},"class_list":["post-37","page","type-page","status-publish","hentry"],"uagb_featured_image_src":{"full":false,"thumbnail":false,"medium":false,"medium_large":false,"large":false,"1536x1536":false,"2048x2048":false},"uagb_author_info":{"display_name":"xwkvadivjmco","author_link":"https:\/\/klik-it.eu\/?author=3"},"uagb_comment_info":0,"uagb_excerpt":"Nasze Us\u0142ugi IT Wsparcie Techniczne Zapewniamy szybkie i skuteczne rozwi\u0105zywanie problem\u00f3w technicznych, aby Twoje urz\u0105dzenia i systemy dzia\u0142a\u0142y bez zak\u0142\u00f3ce\u0144. [&hellip;]","_links":{"self":[{"href":"https:\/\/klik-it.eu\/index.php?rest_route=\/wp\/v2\/pages\/37","targetHints":{"allow":["GET"]}}],"collection":[{"href":"https:\/\/klik-it.eu\/index.php?rest_route=\/wp\/v2\/pages"}],"about":[{"href":"https:\/\/klik-it.eu\/index.php?rest_route=\/wp\/v2\/types\/page"}],"author":[{"embeddable":true,"href":"https:\/\/klik-it.eu\/index.php?rest_route=\/wp\/v2\/users\/3"}],"replies":[{"embeddable":true,"href":"https:\/\/klik-it.eu\/index.php?rest_route=%2Fwp%2Fv2%2Fcomments&post=37"}],"version-history":[{"count":2,"href":"https:\/\/klik-it.eu\/index.php?rest_route=\/wp\/v2\/pages\/37\/revisions"}],"predecessor-version":[{"id":246,"href":"https:\/\/klik-it.eu\/index.php?rest_route=\/wp\/v2\/pages\/37\/revisions\/246"}],"wp:attachment":[{"href":"https:\/\/klik-it.eu\/index.php?rest_route=%2Fwp%2Fv2%2Fmedia&parent=37"}],"curies":[{"name":"wp","href":"https:\/\/api.w.org\/{rel}","templated":true}]}}