{"id":36,"date":"2024-07-23T08:37:54","date_gmt":"2024-07-23T08:37:54","guid":{"rendered":"https:\/\/multipurpose25.ziptemplates.top\/?page_id=36"},"modified":"2024-07-23T08:47:47","modified_gmt":"2024-07-23T08:47:47","slug":"about","status":"publish","type":"page","link":"https:\/\/klik-it.eu\/?page_id=36","title":{"rendered":"About"},"content":{"rendered":"\n<div class=\"wp-block-uagb-container uagb-block-a6a8e0d4 alignfull uagb-is-root-container\">\n<div class=\"wp-block-uagb-container uagb-block-41915a2b\">\n<div class=\"wp-block-uagb-advanced-heading uagb-block-a16b6668\"><p class=\"uagb-desc-text\">Poznaj nasz\u0105<\/p><h1 class=\"uagb-heading-text\">Histori\u0119 i warto\u015bci<\/h1><\/div>\n<\/div>\n<\/div>\n\n\n\n<div class=\"wp-block-uagb-container uagb-block-2fce8535 alignfull uagb-is-root-container\"><div class=\"uagb-container-inner-blocks-wrap\">\n<div class=\"wp-block-uagb-advanced-heading uagb-block-70790b14\"><p class=\"uagb-desc-text\">O nas<\/p><h2 class=\"uagb-heading-text\">Nasz zesp\u00f3\u0142 i do\u015bwiadczenie<\/h2><\/div>\n\n\n\n<div class=\"wp-block-uagb-container uagb-block-e22a1dc9\">\n<div class=\"wp-block-uagb-advanced-heading uagb-block-c5054e2a\"><p class=\"uagb-heading-text\">Dzi\u0119ki naszym us\u0142ugom IT nasi klienci osi\u0105gaj\u0105 znacz\u0105ce rezultaty w swoim biznesie.<\/p><\/div>\n\n\n\n<div class=\"wp-block-uagb-advanced-heading uagb-block-72f3541d\"><p class=\"uagb-heading-text\">Jeste\u015bmy partnerem, na kt\u00f3rym mo\u017cna polega\u0107 w dziedzinie technologii. Nasz zesp\u00f3\u0142 wysoko wykwalifikowanych specjalist\u00f3w gwarantuje skuteczne i profesjonalne rozwi\u0105zania IT.<\/p><\/div>\n<\/div>\n\n\n\n<div class=\"wp-block-uagb-image uagb-block-411b8d34 wp-block-uagb-image--layout-default wp-block-uagb-image--effect-static wp-block-uagb-image--align-none\"><figure class=\"wp-block-uagb-image__figure\"><img decoding=\"async\" srcset=\"https:\/\/klik-it.eu\/wp-content\/uploads\/2024\/07\/man-in-white-dress-shirt-sitting-on-black-rolling-chair-while-facing-black-computer-set-and-smiling-840996.jpeg ,https:\/\/klik-it.eu\/wp-content\/uploads\/2024\/07\/man-in-white-dress-shirt-sitting-on-black-rolling-chair-while-facing-black-computer-set-and-smiling-840996.jpeg 780w, https:\/\/klik-it.eu\/wp-content\/uploads\/2024\/07\/man-in-white-dress-shirt-sitting-on-black-rolling-chair-while-facing-black-computer-set-and-smiling-840996.jpeg 360w\" sizes=\"auto, (max-width: 480px) 150px\" src=\"https:\/\/klik-it.eu\/wp-content\/uploads\/2024\/07\/man-in-white-dress-shirt-sitting-on-black-rolling-chair-while-facing-black-computer-set-and-smiling-840996.jpeg\" alt=\"\" class=\"uag-image-227\" width=\"1200\" height=\"450\" title=\"who-we-are\" loading=\"lazy\" role=\"img\"\/><\/figure><\/div>\n<\/div><\/div>\n\n\n\n<div class=\"wp-block-uagb-container uagb-block-56ced4a1 alignfull uagb-is-root-container\"><div class=\"uagb-container-inner-blocks-wrap\">\n<div class=\"wp-block-uagb-advanced-heading uagb-block-22e8d0d6\"><p class=\"uagb-desc-text\">Misja i warto\u015bci<\/p><h2 class=\"uagb-heading-text\">Nasza misja i warto\u015bci<\/h2><\/div>\n\n\n\n<div class=\"wp-block-uagb-container uagb-block-17a71973\">\n<div class=\"wp-block-uagb-advanced-heading uagb-block-df4a78a1\"><h3 class=\"uagb-heading-text\">Nasza misja<\/h3><p class=\"uagb-desc-text\">Zaopatrujemy naszych klient\u00f3w w kompleksowe rozwi\u0105zania IT, kt\u00f3re przyczyniaj\u0105 si\u0119 do sukcesu ich biznesu.<\/p><\/div>\n\n\n\n<div class=\"wp-block-uagb-separator uagb-block-d7de01b9\"><div class=\"wp-block-uagb-separator__inner\" style=\"--my-background-image:\"><\/div><\/div>\n\n\n\n<div class=\"wp-block-uagb-advanced-heading uagb-block-1fcca3b1\"><h3 class=\"uagb-heading-text\">Nasze warto\u015bci<\/h3><p class=\"uagb-desc-text\">Wspieramy naszych klient\u00f3w poprzez profesjonalizm, uczciwo\u015b\u0107 i partnerskie podej\u015bcie.<\/p><\/div>\n<\/div>\n<\/div><\/div>\n\n\n\n<div class=\"wp-block-uagb-container uagb-layout-grid uagb-block-c8a31539 alignfull uagb-is-root-container\"><div class=\"uagb-container-inner-blocks-wrap\">\n<div class=\"wp-block-uagb-image alignright uagb-block-c7dfc0f5 wp-block-uagb-image--layout-default wp-block-uagb-image--effect-static wp-block-uagb-image--align-right uag-blocks-common-selector\" style=\"--z-index-desktop:1;;--z-index-tablet:1;;--z-index-mobile:undefined;\"><figure class=\"wp-block-uagb-image__figure\"><img decoding=\"async\" srcset=\"https:\/\/klik-it.eu\/wp-content\/uploads\/2024\/07\/ethernet-cables-plugged-on-a-server-rack-1054397.jpeg ,https:\/\/klik-it.eu\/wp-content\/uploads\/2024\/07\/ethernet-cables-plugged-on-a-server-rack-1054397.jpeg 780w, https:\/\/klik-it.eu\/wp-content\/uploads\/2024\/07\/ethernet-cables-plugged-on-a-server-rack-1054397.jpeg 360w\" sizes=\"auto, (max-width: 480px) 150px\" src=\"https:\/\/klik-it.eu\/wp-content\/uploads\/2024\/07\/ethernet-cables-plugged-on-a-server-rack-1054397.jpeg\" alt=\"\" class=\"uag-image-231\" width=\"600\" height=\"660\" title=\"our-story\" loading=\"lazy\" role=\"img\"\/><\/figure><\/div>\n\n\n\n<div class=\"wp-block-uagb-info-box uagb-block-a9252fac uagb-infobox__content-wrap  uagb-infobox-icon-above-title uagb-infobox-image-valign-top wp-block-uagb-info-box--has-margin\"><div class=\"uagb-infobox-margin-wrapper\"><div class=\"uagb-ifb-content\"><div class=\"uagb-ifb-title-wrap\"><span class=\"uagb-ifb-title-prefix\">Historia firmy<\/span><h2 class=\"uagb-ifb-title\">Nasza historia<\/h2><\/div><p class=\"uagb-ifb-desc\">Od momentu naszego powstania, dzi\u0119ki zaanga\u017cowaniu naszego zespo\u0142u i wsp\u00f3\u0142pracy z naszymi klientami, osi\u0105gn\u0119li\u015bmy wiele sukces\u00f3w i zyskali\u015bmy ich zaufanie.<\/p><\/div><\/div><\/div>\n<\/div><\/div>\n\n\n\n<div class=\"wp-block-uagb-container uagb-block-a44e806f alignfull uagb-is-root-container\"><div class=\"uagb-container-inner-blocks-wrap\">\n<div class=\"wp-block-uagb-container uagb-block-942920e8\">\n<div class=\"wp-block-uagb-info-box uagb-block-8efa70de uagb-infobox__content-wrap  uagb-infobox-icon-above-title uagb-infobox-image-valign-top\"><div class=\"uagb-ifb-content\"><div class=\"uagb-ifb-title-wrap\"><span class=\"uagb-ifb-title-prefix\">Skontaktuj si\u0119<\/span><h2 class=\"uagb-ifb-title\">z nami<\/h2><\/div><p class=\"uagb-ifb-desc\">Je\u015bli masz pytania lub chcesz skorzysta\u0107 z naszych us\u0142ug, skontaktuj si\u0119 z nami ju\u017c teraz.<\/p><div class=\"uagb-ifb-button-wrapper wp-block-button\"><a href=\"?page_id=39\/\" class=\"uagb-infobox-cta-link wp-block-button__link\" target=\"_self\" rel=\"noopener noreferrer\" onclick=\"return true;\"><span class=\"uagb-inline-editing\">Dowiedz si\u0119 wi\u0119cej<\/span><\/a><\/div><\/div><\/div>\n<\/div>\n<\/div><\/div>\n","protected":false},"excerpt":{"rendered":"<p>Poznaj nasz\u0105 Histori\u0119 i warto\u015bci O nas Nasz zesp\u00f3\u0142 i do\u015bwiadczenie Dzi\u0119ki naszym us\u0142ugom IT nasi klienci osi\u0105gaj\u0105 znacz\u0105ce rezultaty [&hellip;]<\/p>\n","protected":false},"author":3,"featured_media":0,"parent":0,"menu_order":0,"comment_status":"closed","ping_status":"closed","template":"","meta":{"_uag_custom_page_level_css":"","site-sidebar-layout":"default","site-content-layout":"","ast-site-content-layout":"default","site-content-style":"default","site-sidebar-style":"default","ast-global-header-display":"","ast-banner-title-visibility":"","ast-main-header-display":"","ast-hfb-above-header-display":"","ast-hfb-below-header-display":"","ast-hfb-mobile-header-display":"","site-post-title":"disabled","ast-breadcrumbs-content":"","ast-featured-img":"","footer-sml-layout":"","ast-disable-related-posts":"","theme-transparent-header-meta":"","adv-header-id-meta":"","stick-header-meta":"","header-above-stick-meta":"","header-main-stick-meta":"","header-below-stick-meta":"","astra-migrate-meta-layouts":"default","ast-page-background-enabled":"default","ast-page-background-meta":{"desktop":{"background-color":"var(--ast-global-color-4)","background-image":"","background-repeat":"repeat","background-position":"center center","background-size":"auto","background-attachment":"scroll","background-type":"","background-media":"","overlay-type":"","overlay-color":"","overlay-opacity":"","overlay-gradient":""},"tablet":{"background-color":"","background-image":"","background-repeat":"repeat","background-position":"center center","background-size":"auto","background-attachment":"scroll","background-type":"","background-media":"","overlay-type":"","overlay-color":"","overlay-opacity":"","overlay-gradient":""},"mobile":{"background-color":"","background-image":"","background-repeat":"repeat","background-position":"center center","background-size":"auto","background-attachment":"scroll","background-type":"","background-media":"","overlay-type":"","overlay-color":"","overlay-opacity":"","overlay-gradient":""}},"ast-content-background-meta":{"desktop":{"background-color":"var(--ast-global-color-5)","background-image":"","background-repeat":"repeat","background-position":"center center","background-size":"auto","background-attachment":"scroll","background-type":"","background-media":"","overlay-type":"","overlay-color":"","overlay-opacity":"","overlay-gradient":""},"tablet":{"background-color":"var(--ast-global-color-5)","background-image":"","background-repeat":"repeat","background-position":"center center","background-size":"auto","background-attachment":"scroll","background-type":"","background-media":"","overlay-type":"","overlay-color":"","overlay-opacity":"","overlay-gradient":""},"mobile":{"background-color":"var(--ast-global-color-5)","background-image":"","background-repeat":"repeat","background-position":"center center","background-size":"auto","background-attachment":"scroll","background-type":"","background-media":"","overlay-type":"","overlay-color":"","overlay-opacity":"","overlay-gradient":""}},"footnotes":""},"class_list":["post-36","page","type-page","status-publish","hentry"],"uagb_featured_image_src":{"full":false,"thumbnail":false,"medium":false,"medium_large":false,"large":false,"1536x1536":false,"2048x2048":false},"uagb_author_info":{"display_name":"xwkvadivjmco","author_link":"https:\/\/klik-it.eu\/?author=3"},"uagb_comment_info":0,"uagb_excerpt":"Poznaj nasz\u0105 Histori\u0119 i warto\u015bci O nas Nasz zesp\u00f3\u0142 i do\u015bwiadczenie Dzi\u0119ki naszym us\u0142ugom IT nasi klienci osi\u0105gaj\u0105 znacz\u0105ce rezultaty [&hellip;]","_links":{"self":[{"href":"https:\/\/klik-it.eu\/index.php?rest_route=\/wp\/v2\/pages\/36","targetHints":{"allow":["GET"]}}],"collection":[{"href":"https:\/\/klik-it.eu\/index.php?rest_route=\/wp\/v2\/pages"}],"about":[{"href":"https:\/\/klik-it.eu\/index.php?rest_route=\/wp\/v2\/types\/page"}],"author":[{"embeddable":true,"href":"https:\/\/klik-it.eu\/index.php?rest_route=\/wp\/v2\/users\/3"}],"replies":[{"embeddable":true,"href":"https:\/\/klik-it.eu\/index.php?rest_route=%2Fwp%2Fv2%2Fcomments&post=36"}],"version-history":[{"count":2,"href":"https:\/\/klik-it.eu\/index.php?rest_route=\/wp\/v2\/pages\/36\/revisions"}],"predecessor-version":[{"id":248,"href":"https:\/\/klik-it.eu\/index.php?rest_route=\/wp\/v2\/pages\/36\/revisions\/248"}],"wp:attachment":[{"href":"https:\/\/klik-it.eu\/index.php?rest_route=%2Fwp%2Fv2%2Fmedia&parent=36"}],"curies":[{"name":"wp","href":"https:\/\/api.w.org\/{rel}","templated":true}]}}